{"id":82,"date":"2016-03-11T22:40:26","date_gmt":"2016-03-11T22:40:26","guid":{"rendered":"http:\/\/wordpress2.mfc-altensteig.de\/?page_id=82"},"modified":"2024-05-05T20:13:08","modified_gmt":"2024-05-05T18:13:08","slug":"vorstand","status":"publish","type":"page","link":"https:\/\/www.mfc-altensteig.de\/?page_id=82","title":{"rendered":"Vorstand"},"content":{"rendered":"\n<p>Der Verein wird von einem 6-k\u00f6pfigen Vorstandsteam geleitet, dieses wird alle 4 Jahre neu durch die Mitgliederversammlung gew\u00e4hlt.<\/p>\n\n\n\n<p>Das derzeitige Vorstandsteam ist seit M\u00e4rz 2024 im Amt:<br><span class=\"xr_s0\"><span class=\"xr_tl\">1. Vorsitzender: <\/span>Emanuel, Titus<\/span><br><span class=\"xr_s0\"><span class=\"xr_tl\">2. Vorsitzender: Brezing<\/span>, Ewald<\/span><br><span class=\"xr_s0\"><span class=\"xr_tl\">Schriftf\u00fchrer: <\/span>Kalencuk, Andreas<\/span><br><span class=\"xr_s0\"><span class=\"xr_tl\">Kassierer:<\/span> <span class=\"xr_tl\">Wahl, Frank<\/span><\/span><br>Beisitzer: Fischer, Fabian und Hammann, Rolf<\/p>\n\n\n\n<p><span class=\"xr_s0\"><span class=\"xr_tl\"><span class=\"xr_tl\"><\/span><\/span><\/span><\/p>\n\n\n\n<figure class=\"wp-block-image alignnone size-large wp-image-1414 is-style-default\"><img loading=\"lazy\" decoding=\"async\" width=\"1024\" height=\"768\" src=\"http:\/\/www.mfc-altensteig.de\/wp-content\/uploads\/2020\/09\/Vorstand-2020_1-1024x768.jpg\" alt=\"\" class=\"wp-image-1414\" srcset=\"https:\/\/www.mfc-altensteig.de\/wp-content\/uploads\/2020\/09\/Vorstand-2020_1-1024x768.jpg 1024w, https:\/\/www.mfc-altensteig.de\/wp-content\/uploads\/2020\/09\/Vorstand-2020_1-300x225.jpg 300w, https:\/\/www.mfc-altensteig.de\/wp-content\/uploads\/2020\/09\/Vorstand-2020_1-150x113.jpg 150w, https:\/\/www.mfc-altensteig.de\/wp-content\/uploads\/2020\/09\/Vorstand-2020_1-1536x1152.jpg 1536w, https:\/\/www.mfc-altensteig.de\/wp-content\/uploads\/2020\/09\/Vorstand-2020_1-2048x1536.jpg 2048w\" sizes=\"auto, (max-width: 1024px) 100vw, 1024px\" \/><figcaption class=\"wp-element-caption\">v.l.n.r.: Ewald Brezing, Frank Wahl, Rolf Hammann, Marc Haizmann (Beisitzer bis M\u00e4rz 2024), Andreas Kalencuk, Titus Emanuel (es fehlt Fabian Fischer)<\/figcaption><\/figure>\n\n\n\n<p><span class=\"xr_s0\"><span class=\"xr_tl\">Die Pflege unseres Gel\u00e4ndes liegt seit vielen Jahren in H\u00e4nden von Platzwart Rolf Hammann.<\/span><\/span><\/p>\n","protected":false},"excerpt":{"rendered":"<p>Der Verein wird von einem 6-k\u00f6pfigen Vorstandsteam geleitet, dieses wird alle 4 Jahre neu durch die Mitgliederversammlung gew\u00e4hlt. Das derzeitige Vorstandsteam ist seit M\u00e4rz 2024 im Amt:1. Vorsitzender: Emanuel, Titus2. [&hellip;]<\/p>\n","protected":false},"author":1,"featured_media":0,"parent":39,"menu_order":1,"comment_status":"closed","ping_status":"closed","template":"","meta":{"ngg_post_thumbnail":0,"_EventAllDay":false,"_EventTimezone":"","_EventStartDate":"","_EventEndDate":"","_EventStartDateUTC":"","_EventEndDateUTC":"","_EventShowMap":false,"_EventShowMapLink":false,"_EventURL":"","_EventCost":"","_EventCostDescription":"","_EventCurrencySymbol":"","_EventCurrencyCode":"","_EventCurrencyPosition":"","_EventDateTimeSeparator":"","_EventTimeRangeSeparator":"","_EventOrganizerID":[],"_EventVenueID":[],"_OrganizerEmail":"","_OrganizerPhone":"","_OrganizerWebsite":"","_VenueAddress":"","_VenueCity":"","_VenueCountry":"","_VenueProvince":"","_VenueState":"","_VenueZip":"","_VenuePhone":"","_VenueURL":"","_VenueStateProvince":"","_VenueLat":"","_VenueLng":"","_VenueShowMap":false,"_VenueShowMapLink":false,"footnotes":""},"class_list":["post-82","page","type-page","status-publish","hentry"],"_links":{"self":[{"href":"https:\/\/www.mfc-altensteig.de\/index.php?rest_route=\/wp\/v2\/pages\/82","targetHints":{"allow":["GET"]}}],"collection":[{"href":"https:\/\/www.mfc-altensteig.de\/index.php?rest_route=\/wp\/v2\/pages"}],"about":[{"href":"https:\/\/www.mfc-altensteig.de\/index.php?rest_route=\/wp\/v2\/types\/page"}],"author":[{"embeddable":true,"href":"https:\/\/www.mfc-altensteig.de\/index.php?rest_route=\/wp\/v2\/users\/1"}],"replies":[{"embeddable":true,"href":"https:\/\/www.mfc-altensteig.de\/index.php?rest_route=%2Fwp%2Fv2%2Fcomments&post=82"}],"version-history":[{"count":16,"href":"https:\/\/www.mfc-altensteig.de\/index.php?rest_route=\/wp\/v2\/pages\/82\/revisions"}],"predecessor-version":[{"id":1989,"href":"https:\/\/www.mfc-altensteig.de\/index.php?rest_route=\/wp\/v2\/pages\/82\/revisions\/1989"}],"up":[{"embeddable":true,"href":"https:\/\/www.mfc-altensteig.de\/index.php?rest_route=\/wp\/v2\/pages\/39"}],"wp:attachment":[{"href":"https:\/\/www.mfc-altensteig.de\/index.php?rest_route=%2Fwp%2Fv2%2Fmedia&parent=82"}],"curies":[{"name":"wp","href":"https:\/\/api.w.org\/{rel}","templated":true}]}}