{"id":7,"date":"2015-03-23T09:19:04","date_gmt":"2015-03-23T08:19:04","guid":{"rendered":"http:\/\/wordpress2.mfc-altensteig.de\/?page_id=7"},"modified":"2026-02-13T09:46:51","modified_gmt":"2026-02-13T08:46:51","slug":"members","status":"publish","type":"page","link":"https:\/\/www.mfc-altensteig.de\/?page_id=7","title":{"rendered":"Mitglieder"},"content":{"rendered":"\n<p>Am 12.02.2026 hatte der Verein 53 Mitglieder, davon 7 Jugendliche.<\/p>\n\n\n\n<p>Wer in den\u00a0Modellflieger Club Altensteig e.V. aufgenommen werden m\u00f6chte, kann sich an ein Vorstandsmitglied wenden. Den Aufnahmeantrag kann man auch <a href=\"https:\/\/www.mfc-altensteig.de\/wp-content\/uploads\/2026\/02\/Aufnahmeantrag-Stand-02-2026.pdf\" data-type=\"link\" data-id=\"https:\/\/www.mfc-altensteig.de\/wp-content\/uploads\/2026\/02\/Aufnahmeantrag-Stand-02-2026.pdf\" target=\"_blank\" rel=\"noreferrer noopener\">hier<\/a> herunterladen und per Post oder E-Mail an den Vorstand senden. Wird der Antrag vom Vorstand angenommen, ist man das erste Jahr lang Probemitglied. Danach entscheiden der Vorstand und der Gast \u00fcber den \u00dcbergang in die Vollmitgliedschaft. Es wird dann eine Aufnahmegeb\u00fchr erhoben.<\/p>\n\n\n\n<p>Voraussetzung f\u00fcr das Fliegen auf unserem Platz ist der Nachweis einer geeigneten Haftpflichtversicherung. Diese kann der Verein \u00fcber unseren Dachverband DMFV organisieren oder das Mitglied k\u00fcmmern sich selbst darum. Au\u00dferdem ist ein Kenntnisnachweis des DMFV oder DAeC\/MFSD notwendig, um unser DMFV-Fluggel\u00e4nde nutzen zu d\u00fcrfen.<\/p>\n\n\n\n<p>Alle Interessierten, egal ob alt oder jung, sind bei uns jederzeit herzlich willkommen. Besuchen Sie uns einfach auf dem Modellflugplatz oder setzen Sie sich \u00fcber das Kontaktformular mit uns in Verbindung.<\/p>\n","protected":false},"excerpt":{"rendered":"<p>Am 12.02.2026 hatte der Verein 53 Mitglieder, davon 7 Jugendliche. Wer in den\u00a0Modellflieger Club Altensteig e.V. aufgenommen werden m\u00f6chte, kann sich an ein Vorstandsmitglied wenden. Den Aufnahmeantrag kann man auch [&hellip;]<\/p>\n","protected":false},"author":1,"featured_media":1991,"parent":39,"menu_order":2,"comment_status":"closed","ping_status":"closed","template":"","meta":{"ngg_post_thumbnail":0,"_EventAllDay":false,"_EventTimezone":"","_EventStartDate":"","_EventEndDate":"","_EventStartDateUTC":"","_EventEndDateUTC":"","_EventShowMap":false,"_EventShowMapLink":false,"_EventURL":"","_EventCost":"","_EventCostDescription":"","_EventCurrencySymbol":"","_EventCurrencyCode":"","_EventCurrencyPosition":"","_EventDateTimeSeparator":"","_EventTimeRangeSeparator":"","_EventOrganizerID":[],"_EventVenueID":[],"_OrganizerEmail":"","_OrganizerPhone":"","_OrganizerWebsite":"","_VenueAddress":"","_VenueCity":"","_VenueCountry":"","_VenueProvince":"","_VenueState":"","_VenueZip":"","_VenuePhone":"","_VenueURL":"","_VenueStateProvince":"","_VenueLat":"","_VenueLng":"","_VenueShowMap":false,"_VenueShowMapLink":false,"footnotes":""},"class_list":["post-7","page","type-page","status-publish","has-post-thumbnail","hentry"],"_links":{"self":[{"href":"https:\/\/www.mfc-altensteig.de\/index.php?rest_route=\/wp\/v2\/pages\/7","targetHints":{"allow":["GET"]}}],"collection":[{"href":"https:\/\/www.mfc-altensteig.de\/index.php?rest_route=\/wp\/v2\/pages"}],"about":[{"href":"https:\/\/www.mfc-altensteig.de\/index.php?rest_route=\/wp\/v2\/types\/page"}],"author":[{"embeddable":true,"href":"https:\/\/www.mfc-altensteig.de\/index.php?rest_route=\/wp\/v2\/users\/1"}],"replies":[{"embeddable":true,"href":"https:\/\/www.mfc-altensteig.de\/index.php?rest_route=%2Fwp%2Fv2%2Fcomments&post=7"}],"version-history":[{"count":21,"href":"https:\/\/www.mfc-altensteig.de\/index.php?rest_route=\/wp\/v2\/pages\/7\/revisions"}],"predecessor-version":[{"id":2116,"href":"https:\/\/www.mfc-altensteig.de\/index.php?rest_route=\/wp\/v2\/pages\/7\/revisions\/2116"}],"up":[{"embeddable":true,"href":"https:\/\/www.mfc-altensteig.de\/index.php?rest_route=\/wp\/v2\/pages\/39"}],"wp:featuredmedia":[{"embeddable":true,"href":"https:\/\/www.mfc-altensteig.de\/index.php?rest_route=\/wp\/v2\/media\/1991"}],"wp:attachment":[{"href":"https:\/\/www.mfc-altensteig.de\/index.php?rest_route=%2Fwp%2Fv2%2Fmedia&parent=7"}],"curies":[{"name":"wp","href":"https:\/\/api.w.org\/{rel}","templated":true}]}}