{"id":39,"date":"2015-03-23T16:15:41","date_gmt":"2015-03-23T15:15:41","guid":{"rendered":"http:\/\/wordpress2.mfc-altensteig.de\/?page_id=39"},"modified":"2024-05-05T20:09:01","modified_gmt":"2024-05-05T18:09:01","slug":"verein","status":"publish","type":"page","link":"https:\/\/www.mfc-altensteig.de\/?page_id=39","title":{"rendered":"Unser Verein"},"content":{"rendered":"\n<p><br>Den Modellflieger Club Altensteig e.V. gibt es seit dem Jahr 1979. Zuvor trafen sich die Flugbegeisterten als Interessengemeinschaft auf einer Wiese in Altensteig-Spielberg, um Ihrem Hobby zu fr\u00f6nen. Als dieses Gel\u00e4nde nicht mehr zu Verf\u00fcgung stand, wurde das Grundst\u00fcck auf der Gemarkung Oberschwandorf erworben und der eingetragene Verein gegr\u00fcndet. Mit der Zeit wurde das Gel\u00e4nde regelm\u00e4\u00dfig ausgebaut und erweitert. <\/p>\n\n\n\n<p><span class=\"xr_s3\"><span class=\"xr_tc\"><span class=\"xr_s1\">Unser sch\u00f6nes Fluggel\u00e4nde<\/span><\/span> tr\u00e4gt gem\u00e4\u00df Aufstiegserlaubnis den offiziellen Namen &#8222;Oberschwandorf&#8220;. Es liegt zwischen Egenhausen, Walddorf und Oberschwandorf,<span class=\"xr_tl xr_s0\"> inmitten von saftigen Wiesen,<\/span> <span class=\"xr_tl xr_s0\">Str\u00e4uchern und \u00c4ckern auf knapp 600 m H\u00f6he. Wir verf\u00fcgen \u00fcber gepflegte Grasbahn mit einer L\u00e4nge von&nbsp; ca. 80 m und einer Breite von ca. 35 m. Die Bahn verl\u00e4uft von S\u00fcdwesten nach Nordosten leicht ansteigend.<\/span><\/span><\/p>\n\n\n\n<p>Wir betreiben Modellflug in verschiedenen Formen: Motorflug, Segelflug, Helikopter, Gleitschirme, Fallschirmspringer. Angetrieben werden die Modelle mit Elektro- oder Verbrennungsmotoren, Turbinen und beim Segelflug nat\u00fcrlich mit den Kr\u00e4ften der Natur. <span class=\"xr_s3\"><span class=\"xr_tl xr_s0\">Unsere Aufstiegserlaubnis genehmigt uns<\/span> <span class=\"xr_tl xr_s0\">Modelle mit bis zu 25 Kilogramm Startgewicht <\/span><span class=\"xr_tl xr_s0\">in die Luft zu bef\u00f6rdern.<\/span> <\/span><\/p>\n","protected":false},"excerpt":{"rendered":"<p>Den Modellflieger Club Altensteig e.V. gibt es seit dem Jahr 1979. Zuvor trafen sich die Flugbegeisterten als Interessengemeinschaft auf einer Wiese in Altensteig-Spielberg, um Ihrem Hobby zu fr\u00f6nen. Als dieses [&hellip;]<\/p>\n","protected":false},"author":1,"featured_media":1668,"parent":215,"menu_order":1,"comment_status":"closed","ping_status":"closed","template":"","meta":{"ngg_post_thumbnail":0,"_EventAllDay":false,"_EventTimezone":"","_EventStartDate":"","_EventEndDate":"","_EventStartDateUTC":"","_EventEndDateUTC":"","_EventShowMap":false,"_EventShowMapLink":false,"_EventURL":"","_EventCost":"","_EventCostDescription":"","_EventCurrencySymbol":"","_EventCurrencyCode":"","_EventCurrencyPosition":"","_EventDateTimeSeparator":"","_EventTimeRangeSeparator":"","_EventOrganizerID":[],"_EventVenueID":[],"_OrganizerEmail":"","_OrganizerPhone":"","_OrganizerWebsite":"","_VenueAddress":"","_VenueCity":"","_VenueCountry":"","_VenueProvince":"","_VenueState":"","_VenueZip":"","_VenuePhone":"","_VenueURL":"","_VenueStateProvince":"","_VenueLat":"","_VenueLng":"","_VenueShowMap":false,"_VenueShowMapLink":false,"footnotes":""},"class_list":["post-39","page","type-page","status-publish","has-post-thumbnail","hentry"],"_links":{"self":[{"href":"https:\/\/www.mfc-altensteig.de\/index.php?rest_route=\/wp\/v2\/pages\/39","targetHints":{"allow":["GET"]}}],"collection":[{"href":"https:\/\/www.mfc-altensteig.de\/index.php?rest_route=\/wp\/v2\/pages"}],"about":[{"href":"https:\/\/www.mfc-altensteig.de\/index.php?rest_route=\/wp\/v2\/types\/page"}],"author":[{"embeddable":true,"href":"https:\/\/www.mfc-altensteig.de\/index.php?rest_route=\/wp\/v2\/users\/1"}],"replies":[{"embeddable":true,"href":"https:\/\/www.mfc-altensteig.de\/index.php?rest_route=%2Fwp%2Fv2%2Fcomments&post=39"}],"version-history":[{"count":10,"href":"https:\/\/www.mfc-altensteig.de\/index.php?rest_route=\/wp\/v2\/pages\/39\/revisions"}],"predecessor-version":[{"id":1987,"href":"https:\/\/www.mfc-altensteig.de\/index.php?rest_route=\/wp\/v2\/pages\/39\/revisions\/1987"}],"up":[{"embeddable":true,"href":"https:\/\/www.mfc-altensteig.de\/index.php?rest_route=\/wp\/v2\/pages\/215"}],"wp:featuredmedia":[{"embeddable":true,"href":"https:\/\/www.mfc-altensteig.de\/index.php?rest_route=\/wp\/v2\/media\/1668"}],"wp:attachment":[{"href":"https:\/\/www.mfc-altensteig.de\/index.php?rest_route=%2Fwp%2Fv2%2Fmedia&parent=39"}],"curies":[{"name":"wp","href":"https:\/\/api.w.org\/{rel}","templated":true}]}}