{"id":215,"date":"2015-03-26T12:41:41","date_gmt":"2015-03-26T11:41:41","guid":{"rendered":"http:\/\/wordpress2.mfc-altensteig.de\/?page_id=215"},"modified":"2026-02-13T09:29:40","modified_gmt":"2026-02-13T08:29:40","slug":"willkommen","status":"publish","type":"page","link":"https:\/\/www.mfc-altensteig.de\/","title":{"rendered":"Herzlich willkommen \nbeim MFC Altensteig!"},"content":{"rendered":"\n<hr class=\"wp-block-separator has-alpha-channel-opacity\"\/>\n\n\n\n<p><strong>\u00dcber 45 Jahre Modellflieger Club Altensteig e.V. &#8211; uns gibt es schon seit 1979!<\/strong><\/p>\n\n\n\n<p class=\"has-text-align-left\"><span class=\"xr_s0\"><span class=\"xr_tj\">Wir freuen uns, dass Sie den Weg auf unsere Homepage gefunden haben. Hier finden Sie Informationen \u00fcber unseren Verein und das sch\u00f6ne Hobby der&nbsp;<\/span><span class=\"xr_tl\">Modellfliegerei<\/span><\/span>.<\/p>\n\n\n\n<p class=\"has-text-align-left\">Vielleicht d\u00fcrfen wir Sie bald auch einmal auf unserem sch\u00f6nen <a href=\"http:\/\/www.mfc-altensteig.de\/?page_id=14\">Flugplatz<\/a> pers\u00f6nlich begr\u00fc\u00dfen.<\/p>\n\n\n\n<p class=\"has-text-align-left\">Wir freuen uns nat\u00fcrlich auch \u00fcber einen Kommentar im <a href=\"http:\/\/www.mfc-altensteig.de\/?page_id=147\">G\u00e4stebuch<\/a>.<\/p>\n\n\n\n<p><\/p>\n","protected":false},"excerpt":{"rendered":"<p>\u00dcber 45 Jahre Modellflieger Club Altensteig e.V. &#8211; uns gibt es schon seit 1979! Wir freuen uns, dass Sie den Weg auf unsere Homepage gefunden haben. Hier finden Sie Informationen [&hellip;]<\/p>\n","protected":false},"author":1,"featured_media":0,"parent":0,"menu_order":0,"comment_status":"closed","ping_status":"closed","template":"","meta":{"ngg_post_thumbnail":0,"_EventAllDay":false,"_EventTimezone":"","_EventStartDate":"","_EventEndDate":"","_EventStartDateUTC":"","_EventEndDateUTC":"","_EventShowMap":false,"_EventShowMapLink":false,"_EventURL":"","_EventCost":"","_EventCostDescription":"","_EventCurrencySymbol":"","_EventCurrencyCode":"","_EventCurrencyPosition":"","_EventDateTimeSeparator":"","_EventTimeRangeSeparator":"","_EventOrganizerID":[],"_EventVenueID":[],"_OrganizerEmail":"","_OrganizerPhone":"","_OrganizerWebsite":"","_VenueAddress":"","_VenueCity":"","_VenueCountry":"","_VenueProvince":"","_VenueState":"","_VenueZip":"","_VenuePhone":"","_VenueURL":"","_VenueStateProvince":"","_VenueLat":"","_VenueLng":"","_VenueShowMap":false,"_VenueShowMapLink":false,"footnotes":""},"class_list":["post-215","page","type-page","status-publish","hentry"],"_links":{"self":[{"href":"https:\/\/www.mfc-altensteig.de\/index.php?rest_route=\/wp\/v2\/pages\/215","targetHints":{"allow":["GET"]}}],"collection":[{"href":"https:\/\/www.mfc-altensteig.de\/index.php?rest_route=\/wp\/v2\/pages"}],"about":[{"href":"https:\/\/www.mfc-altensteig.de\/index.php?rest_route=\/wp\/v2\/types\/page"}],"author":[{"embeddable":true,"href":"https:\/\/www.mfc-altensteig.de\/index.php?rest_route=\/wp\/v2\/users\/1"}],"replies":[{"embeddable":true,"href":"https:\/\/www.mfc-altensteig.de\/index.php?rest_route=%2Fwp%2Fv2%2Fcomments&post=215"}],"version-history":[{"count":44,"href":"https:\/\/www.mfc-altensteig.de\/index.php?rest_route=\/wp\/v2\/pages\/215\/revisions"}],"predecessor-version":[{"id":2109,"href":"https:\/\/www.mfc-altensteig.de\/index.php?rest_route=\/wp\/v2\/pages\/215\/revisions\/2109"}],"wp:attachment":[{"href":"https:\/\/www.mfc-altensteig.de\/index.php?rest_route=%2Fwp%2Fv2%2Fmedia&parent=215"}],"curies":[{"name":"wp","href":"https:\/\/api.w.org\/{rel}","templated":true}]}}