{"id":14,"date":"2015-03-23T09:53:13","date_gmt":"2015-03-23T08:53:13","guid":{"rendered":"http:\/\/wordpress2.mfc-altensteig.de\/?page_id=14"},"modified":"2024-05-05T21:26:57","modified_gmt":"2024-05-05T19:26:57","slug":"fluggelaende","status":"publish","type":"page","link":"https:\/\/www.mfc-altensteig.de\/?page_id=14","title":{"rendered":"Anfahrt"},"content":{"rendered":"\n<div class=\"wp-block-group is-layout-constrained wp-block-group-is-layout-constrained\">\n<iframe src=\"https:\/\/www.google.com\/maps\/embed?pb=!1m18!1m12!1m3!1d24405.337416557024!2d8.625536620801647!3d48.56265785640545!2m3!1f0!2f0!3f0!3m2!1i1024!2i768!4f13.1!3m3!1m2!1s0x47974585f522438d%3A0x8c5df629b457db70!2sModellfluggel%C3%A4nde%20Oberschwandorf%20-%20MFC%20Altensteig%20e.V.!5e0!3m2!1sde!2sde!4v1714937036538!5m2!1sde!2sde\" width=\"600\" height=\"600\" style=\"border:0;\" allowfullscreen=\"\" loading=\"lazy\" referrerpolicy=\"no-referrer-when-downgrade\"><\/iframe>\n<\/div>\n\n\n\n<p>Unser &#8222;Modellfluggel\u00e4nde Oberschwandorf&#8220; befindet sich in Sichtweite der Kreisstrasse K4339 Altensteig-Walddorf &#8211; Egenhausen, gegen\u00fcber der Erddeponie. Die Zufahrt ist jedoch nur von der Gemeindeverbindunsgstra\u00dfe zwischen Walddorf und Haiterbach-Oberschwandorf (Walddorfer Stra\u00dfe) aus \u00fcber einen Feldweg m\u00f6glich. Der Weg zweigt am Waldrand oberhalb einer Grillstelle nach Westen ab. An der ersten Gabelung rechts halten und dem Weg am Waldrand entlang bis zum Flugplatz folgen (siehe Skizze). <br>Bitte mit R\u00fccksicht auf unsere Landwirte nicht \u00fcber die Wiesen(wege) fahren.<\/p>\n\n\n\n<figure class=\"wp-block-image is-style-default\"><img loading=\"lazy\" decoding=\"async\" width=\"358\" height=\"278\" src=\"http:\/\/www.mfc-altensteig.de\/wp-content\/uploads\/2016\/05\/Anfahrt.jpg\" alt=\"Anfahrt\" class=\"wp-image-563\" srcset=\"https:\/\/www.mfc-altensteig.de\/wp-content\/uploads\/2016\/05\/Anfahrt.jpg 358w, https:\/\/www.mfc-altensteig.de\/wp-content\/uploads\/2016\/05\/Anfahrt-150x116.jpg 150w, https:\/\/www.mfc-altensteig.de\/wp-content\/uploads\/2016\/05\/Anfahrt-300x233.jpg 300w\" sizes=\"auto, (max-width: 358px) 100vw, 358px\" \/><\/figure>\n\n\n\n<p>Koordinaten: +48\u00b0 33&#8242; 42.32&#8243;, +8\u00b0 38&#8242; 35.70&#8243;<\/p>\n\n\n\n<div>&nbsp;<\/div>\n","protected":false},"excerpt":{"rendered":"<p>Unser &#8222;Modellfluggel\u00e4nde Oberschwandorf&#8220; befindet sich in Sichtweite der Kreisstrasse K4339 Altensteig-Walddorf &#8211; Egenhausen, gegen\u00fcber der Erddeponie. Die Zufahrt ist jedoch nur von der Gemeindeverbindunsgstra\u00dfe zwischen Walddorf und Haiterbach-Oberschwandorf (Walddorfer Stra\u00dfe) [&hellip;]<\/p>\n","protected":false},"author":1,"featured_media":0,"parent":421,"menu_order":5,"comment_status":"closed","ping_status":"closed","template":"","meta":{"ngg_post_thumbnail":0,"_EventAllDay":false,"_EventTimezone":"","_EventStartDate":"","_EventEndDate":"","_EventStartDateUTC":"","_EventEndDateUTC":"","_EventShowMap":false,"_EventShowMapLink":false,"_EventURL":"","_EventCost":"","_EventCostDescription":"","_EventCurrencySymbol":"","_EventCurrencyCode":"","_EventCurrencyPosition":"","_EventDateTimeSeparator":"","_EventTimeRangeSeparator":"","_EventOrganizerID":[],"_EventVenueID":[],"_OrganizerEmail":"","_OrganizerPhone":"","_OrganizerWebsite":"","_VenueAddress":"","_VenueCity":"","_VenueCountry":"","_VenueProvince":"","_VenueState":"","_VenueZip":"","_VenuePhone":"","_VenueURL":"","_VenueStateProvince":"","_VenueLat":"","_VenueLng":"","_VenueShowMap":false,"_VenueShowMapLink":false,"footnotes":""},"class_list":["post-14","page","type-page","status-publish","hentry"],"_links":{"self":[{"href":"https:\/\/www.mfc-altensteig.de\/index.php?rest_route=\/wp\/v2\/pages\/14","targetHints":{"allow":["GET"]}}],"collection":[{"href":"https:\/\/www.mfc-altensteig.de\/index.php?rest_route=\/wp\/v2\/pages"}],"about":[{"href":"https:\/\/www.mfc-altensteig.de\/index.php?rest_route=\/wp\/v2\/types\/page"}],"author":[{"embeddable":true,"href":"https:\/\/www.mfc-altensteig.de\/index.php?rest_route=\/wp\/v2\/users\/1"}],"replies":[{"embeddable":true,"href":"https:\/\/www.mfc-altensteig.de\/index.php?rest_route=%2Fwp%2Fv2%2Fcomments&post=14"}],"version-history":[{"count":16,"href":"https:\/\/www.mfc-altensteig.de\/index.php?rest_route=\/wp\/v2\/pages\/14\/revisions"}],"predecessor-version":[{"id":2013,"href":"https:\/\/www.mfc-altensteig.de\/index.php?rest_route=\/wp\/v2\/pages\/14\/revisions\/2013"}],"up":[{"embeddable":true,"href":"https:\/\/www.mfc-altensteig.de\/index.php?rest_route=\/wp\/v2\/pages\/421"}],"wp:attachment":[{"href":"https:\/\/www.mfc-altensteig.de\/index.php?rest_route=%2Fwp%2Fv2%2Fmedia&parent=14"}],"curies":[{"name":"wp","href":"https:\/\/api.w.org\/{rel}","templated":true}]}}