{"id":128,"date":"2015-03-25T08:03:43","date_gmt":"2015-03-25T08:03:43","guid":{"rendered":"http:\/\/wordpress2.mfc-altensteig.de\/?page_id=128"},"modified":"2024-05-05T20:33:25","modified_gmt":"2024-05-05T18:33:25","slug":"jugend","status":"publish","type":"page","link":"https:\/\/www.mfc-altensteig.de\/?page_id=128","title":{"rendered":"Jugend und Einsteiger"},"content":{"rendered":"\n<p><span style=\"text-decoration: underline;\">\u201eAller Anfang ist schwer\u201c &#8211; wenn man es alleine versucht!<\/span><\/p>\n\n\n\n<p>Schnell kann das neue Flugmodell des stolzen Piloten nicht mehr so toll aussehen. Daher empfehlen wir jedem, der mit dem sch\u00f6nen Hobby &#8222;Modellfliegen&#8220; beginnen m\u00f6chte, sich einem Verein anzuschlie\u00dfen. Dies hat viele Vorteile.<\/p>\n\n\n\n<p>Zun\u00e4chst mal kann man ohne finanziellen Aufwand einfach mal &#8222;schnuppern&#8220;. Auf Anfrage sind die Vereinmitglieder gerne bereit,&nbsp; mit einem Anf\u00e4nger (oder Wiedereinsteiger) eine \u00dcbungsstunde zu halten. Durch moderne Lehrer-Sch\u00fcler-Fernsteueranlagen kann man ganz entspannt das Fliegen lernen, in etwa so wie in der Fahrschule.<\/p>\n\n\n\n<p>Hat einen das Fieber gepackt, so bekommt man im Verein eine fundierte Beratung \u00fcber das richtige Modell f\u00fcr den Anfang. H\u00e4ufig bieten Vereinmitglieder auch gebrauchte Modelle oder Ausr\u00fcstung zum Verkauf an. So bleiben die Kosten im Rahmen. Dann kann man mit dem eigenen Modell weiter \u00fcben, bis das Fliegen und vor allem das Landen klappen. Dann kann dem ersten Alleinflug nichts mehr im Wege stehen.<\/p>\n\n\n\n<p><span style=\"text-decoration: underline;\">Vereinswerkstatt<\/span><br>In unserem Verein bauen Jugendliche ihre Modelle mit fachkundiger Unterst\u00fctzung durch die Mitglieder. So k\u00f6nnen teure und entmutigende Fehler vermieden werden. Die Jugendlichen treffen sich nach Absprache in unserem Werkraum auf dem Flugplatz.<\/p>\n\n\n\n<p><span style=\"text-decoration: underline;\">Jugendzeltlager<\/span><br>Im j\u00e4hrlichen Wechsel mit der Modellfliegergruppe W\u00e4chtersberg, der Modellfliegergruppe Neckartailfingen und des Modellbauvereins Bad Wildbad findet in den Pfingstferien ein 3-4t\u00e4giges Jugendzeltlager statt. Dort kann man andere Jugendliche und Vereinsmitglieder kennenlernen und sich austauschen. Gemeinsam wird geflogen, trainiert, gebastelt und auch noch manch andere Aktivit\u00e4t steht auf dem Programm.<\/p>\n\n\n\n<p><span style=\"text-decoration: underline;\">Kinderferienprogramm<\/span><br>Jedes Jahr beteiliegen wir uns an den Kinderferienprogrammen der umliegenden St\u00e4dte und Gemeinden. Die <a href=\"http:\/\/www.mfc-altensteig.de\/?page_id=409\">Termine <\/a>sind in der Regel am Anfang der Sommerferien.<\/p>\n\n\n\n<figure class=\"wp-block-image size-full is-resized is-style-default\"><img loading=\"lazy\" decoding=\"async\" width=\"2560\" height=\"1440\" src=\"https:\/\/www.mfc-altensteig.de\/wp-content\/uploads\/2024\/05\/20230805_170223-scaled.jpg\" alt=\"\" class=\"wp-image-1994\" style=\"width:715px;height:auto\" srcset=\"https:\/\/www.mfc-altensteig.de\/wp-content\/uploads\/2024\/05\/20230805_170223-scaled.jpg 2560w, https:\/\/www.mfc-altensteig.de\/wp-content\/uploads\/2024\/05\/20230805_170223-300x169.jpg 300w, https:\/\/www.mfc-altensteig.de\/wp-content\/uploads\/2024\/05\/20230805_170223-1024x576.jpg 1024w, https:\/\/www.mfc-altensteig.de\/wp-content\/uploads\/2024\/05\/20230805_170223-150x84.jpg 150w, https:\/\/www.mfc-altensteig.de\/wp-content\/uploads\/2024\/05\/20230805_170223-1536x864.jpg 1536w, https:\/\/www.mfc-altensteig.de\/wp-content\/uploads\/2024\/05\/20230805_170223-2048x1152.jpg 2048w\" sizes=\"auto, (max-width: 2560px) 100vw, 2560px\" \/><\/figure>\n","protected":false},"excerpt":{"rendered":"<p>\u201eAller Anfang ist schwer\u201c &#8211; wenn man es alleine versucht! Schnell kann das neue Flugmodell des stolzen Piloten nicht mehr so toll aussehen. Daher empfehlen wir jedem, der mit dem [&hellip;]<\/p>\n","protected":false},"author":1,"featured_media":1992,"parent":39,"menu_order":3,"comment_status":"closed","ping_status":"closed","template":"","meta":{"ngg_post_thumbnail":0,"_EventAllDay":false,"_EventTimezone":"","_EventStartDate":"","_EventEndDate":"","_EventStartDateUTC":"","_EventEndDateUTC":"","_EventShowMap":false,"_EventShowMapLink":false,"_EventURL":"","_EventCost":"","_EventCostDescription":"","_EventCurrencySymbol":"","_EventCurrencyCode":"","_EventCurrencyPosition":"","_EventDateTimeSeparator":"","_EventTimeRangeSeparator":"","_EventOrganizerID":[],"_EventVenueID":[],"_OrganizerEmail":"","_OrganizerPhone":"","_OrganizerWebsite":"","_VenueAddress":"","_VenueCity":"","_VenueCountry":"","_VenueProvince":"","_VenueState":"","_VenueZip":"","_VenuePhone":"","_VenueURL":"","_VenueStateProvince":"","_VenueLat":"","_VenueLng":"","_VenueShowMap":false,"_VenueShowMapLink":false,"footnotes":""},"class_list":["post-128","page","type-page","status-publish","has-post-thumbnail","hentry"],"_links":{"self":[{"href":"https:\/\/www.mfc-altensteig.de\/index.php?rest_route=\/wp\/v2\/pages\/128","targetHints":{"allow":["GET"]}}],"collection":[{"href":"https:\/\/www.mfc-altensteig.de\/index.php?rest_route=\/wp\/v2\/pages"}],"about":[{"href":"https:\/\/www.mfc-altensteig.de\/index.php?rest_route=\/wp\/v2\/types\/page"}],"author":[{"embeddable":true,"href":"https:\/\/www.mfc-altensteig.de\/index.php?rest_route=\/wp\/v2\/users\/1"}],"replies":[{"embeddable":true,"href":"https:\/\/www.mfc-altensteig.de\/index.php?rest_route=%2Fwp%2Fv2%2Fcomments&post=128"}],"version-history":[{"count":9,"href":"https:\/\/www.mfc-altensteig.de\/index.php?rest_route=\/wp\/v2\/pages\/128\/revisions"}],"predecessor-version":[{"id":1995,"href":"https:\/\/www.mfc-altensteig.de\/index.php?rest_route=\/wp\/v2\/pages\/128\/revisions\/1995"}],"up":[{"embeddable":true,"href":"https:\/\/www.mfc-altensteig.de\/index.php?rest_route=\/wp\/v2\/pages\/39"}],"wp:featuredmedia":[{"embeddable":true,"href":"https:\/\/www.mfc-altensteig.de\/index.php?rest_route=\/wp\/v2\/media\/1992"}],"wp:attachment":[{"href":"https:\/\/www.mfc-altensteig.de\/index.php?rest_route=%2Fwp%2Fv2%2Fmedia&parent=128"}],"curies":[{"name":"wp","href":"https:\/\/api.w.org\/{rel}","templated":true}]}}